{"id":2403,"date":"2025-05-09T12:49:27","date_gmt":"2025-05-09T10:49:27","guid":{"rendered":"https:\/\/arsmedicos.de\/impressum\/"},"modified":"2025-09-13T06:52:45","modified_gmt":"2025-09-13T04:52:45","slug":"site-notice","status":"publish","type":"page","link":"https:\/\/arsmedicos.de\/en\/site-notice\/","title":{"rendered":"Site notice"},"content":{"rendered":"<div class=\"fusion-fullwidth fullwidth-box fusion-builder-row-1 fusion-flex-container has-pattern-background has-mask-background nonhundred-percent-fullwidth non-hundred-percent-height-scrolling\" style=\"--awb-border-radius-top-left:0px;--awb-border-radius-top-right:0px;--awb-border-radius-bottom-right:0px;--awb-border-radius-bottom-left:0px;--awb-flex-wrap:wrap;\" ><div class=\"fusion-builder-row fusion-row fusion-flex-align-items-flex-start fusion-flex-content-wrap\" style=\"max-width:1248px;margin-left: calc(-4% \/ 2 );margin-right: calc(-4% \/ 2 );\"><div class=\"fusion-layout-column fusion_builder_column fusion-builder-column-0 fusion_builder_column_1_1 1_1 fusion-flex-column\" style=\"--awb-bg-size:cover;--awb-width-large:100%;--awb-margin-top-large:0px;--awb-spacing-right-large:1.92%;--awb-margin-bottom-large:20px;--awb-spacing-left-large:1.92%;--awb-width-medium:100%;--awb-order-medium:0;--awb-spacing-right-medium:1.92%;--awb-spacing-left-medium:1.92%;--awb-width-small:100%;--awb-order-small:0;--awb-spacing-right-small:1.92%;--awb-spacing-left-small:1.92%;\"><div class=\"fusion-column-wrapper fusion-column-has-shadow fusion-flex-justify-content-flex-start fusion-content-layout-column\"><div class=\"fusion-text fusion-text-1\"><h1>Site Notice<\/h1>\n<p>ArsMedicos GmbH<br \/>\nBismarckstra\u00dfe 13A<br \/>\n72764 Reutlingen<\/p>\n<p>Commercial Register: HRB 801088<br \/>\nRegistration court: Amtsgericht Stuttgart<\/p>\n<p><strong>Represented by:<\/strong><br \/>\nGesch\u00e4ftsf\u00fchrerin: Alci, Song\u00fcl<br \/>\nGesch\u00e4ftsf\u00fchrer: Ament, Rolf<\/p>\n<p><strong>Contact<\/strong><\/p>\n<p>Phone: +49 175 896 1089<br \/>\nE-mail: info@arsmedicos.de<\/p>\n<p><strong>Person responsible for editorial<\/strong><\/p>\n<p>ARSMEDICOS<br \/>\nBismarckstra\u00dfe 13A<br \/>\n72764 Reutlingen<br \/>\nE-Mail: info@arsmedicos.de<br \/>\nTelefon: +49 175 896 1089<\/p>\n<p><strong>Dispute resolution proceedings in front of a consumer arbitration board<\/strong><\/p>\n<p>We are not willing or obliged to participate in dispute resolution proceedings in front of a consumer arbitration board.<\/p>\n<\/div><div class=\"fusion-text fusion-text-2\"><p>Images copyright<br \/>\nArsMedicos Song\u00fcl Alc\u0131<\/p>\n<p>Getty Images \/ IStock <a href=\"https:\/\/www.istockphoto.com\/a\" target=\"_blank\" rel=\"noopener\">IStock.com<\/a><br \/>\nID 1040532764 \u00a9 LightFieldStudios<br \/>\nID 2170353654 \u00a9 Evgeniya Markina<br \/>\nID 1373303342 \u00a9 Prostock-Studio<br \/>\nID 1937960241 \u00a9 Liudmila Chernetska<br \/>\nID 1366817972 \u00a9 JackF<br \/>\nID 842438578 \u00a9 dimid_86<br \/>\nID 881576218 \u00a9 Vasyl Dolmatov<br \/>\nID 2187774270 \u00a9 Liudmila Chernetska<br \/>\nID 1297206746 \u00a9 Jun<br \/>\nID 1282976214 \u00a9 Space_Cat<br \/>\nID 1447448425 \u00a9 sruilk<br \/>\nID 1213552803 \u00a9 Oleg Elkov<br \/>\nID 1406748373 \u00a9 s:Salman Alfa<br \/>\nID 2178025404 \u00a9 dikushin<br \/>\nID 1483867341 \u00a9 VLG<br \/>\nID 1226806519 \u00a9 Artem Makovskyi<br \/>\nID 1245150935 \u00a9 ozanuysal<br \/>\nID 1209449990 \u00a9 AndreyPopov<br \/>\nID 2207935608 \u00a9 Jacob Wackerhausen (Video)<br \/>\nID 543077374 \u00a9 rvlsoft<\/p>\n<\/div><\/div><\/div><\/div><\/div>\n","protected":false},"excerpt":{"rendered":"","protected":false},"author":1,"featured_media":0,"parent":0,"menu_order":0,"comment_status":"closed","ping_status":"closed","template":"100-width.php","meta":{"iawp_total_views":10,"footnotes":""},"class_list":["post-2403","page","type-page","status-publish","hentry"],"_links":{"self":[{"href":"https:\/\/arsmedicos.de\/en\/wp-json\/wp\/v2\/pages\/2403","targetHints":{"allow":["GET"]}}],"collection":[{"href":"https:\/\/arsmedicos.de\/en\/wp-json\/wp\/v2\/pages"}],"about":[{"href":"https:\/\/arsmedicos.de\/en\/wp-json\/wp\/v2\/types\/page"}],"author":[{"embeddable":true,"href":"https:\/\/arsmedicos.de\/en\/wp-json\/wp\/v2\/users\/1"}],"replies":[{"embeddable":true,"href":"https:\/\/arsmedicos.de\/en\/wp-json\/wp\/v2\/comments?post=2403"}],"version-history":[{"count":6,"href":"https:\/\/arsmedicos.de\/en\/wp-json\/wp\/v2\/pages\/2403\/revisions"}],"predecessor-version":[{"id":2438,"href":"https:\/\/arsmedicos.de\/en\/wp-json\/wp\/v2\/pages\/2403\/revisions\/2438"}],"wp:attachment":[{"href":"https:\/\/arsmedicos.de\/en\/wp-json\/wp\/v2\/media?parent=2403"}],"curies":[{"name":"wp","href":"https:\/\/api.w.org\/{rel}","templated":true}]}}